{"id":2,"date":"2019-03-07T14:12:54","date_gmt":"2019-03-07T13:12:54","guid":{"rendered":"https:\/\/elsta.com\/?page_id=2"},"modified":"2019-09-06T07:47:11","modified_gmt":"2019-09-06T05:47:11","slug":"beispiel-seite","status":"publish","type":"page","link":"https:\/\/elsta.com\/de\/beispiel-seite\/","title":{"rendered":"Beispiel-Seite"},"content":{"rendered":"\r\n<p>Dies ist eine Beispiel-Seite. Sie unterscheidet sich von Beitr\u00e4gen, da sie stets an derselben Stelle bleibt und (bei den meisten Themes) in der Website-Navigation angezeigt wird. Die meisten starten mit einem Impressum, der Datenschutzerkl\u00e4rung oder einer \u201e\u00dcber uns\u201c-Seite, um sich m\u00f6glichen Besucher der Website vorzustellen. Dort k\u00f6nnte zum Beispiel stehen:<\/p>\r\n\r\n\r\n\r\n<blockquote class=\"wp-block-quote is-layout-flow wp-block-quote-is-layout-flow\">\r\n<p>Hallo! Ich bin tags\u00fcber im Kurierdienst t\u00e4tig, nachts widme ich mich der Schauspielkunst, und das ist meine Website. Ich lebe in einer Gro\u00dfstadt, habe einen tollen Hund und ich mag Getr\u00e4nke mit Schirmchen (aber nicht ohne Schirm im Regen zu stehen).<\/p>\r\n<\/blockquote>\r\n\r\n\r\n\r\n<p>&#8230;oder so etwas wie das hier:<\/p>\r\n\r\n\r\n\r\n<blockquote class=\"wp-block-quote is-layout-flow wp-block-quote-is-layout-flow\">\r\n<p>Das Unternehmen XYZ wurde 1971 gegr\u00fcndet und versorgt die \u00d6ffentlichkeit seither mit qualitativ hochwertigen Produkten. An seinem Standort in einer kleinen Gro\u00dfstadt besch\u00e4ftigt der Betrieb \u00fcber 2.000 Menschen und unterst\u00fctzt die Stadtbewohner in vielfacher Hinsicht.<\/p>\r\n<\/blockquote>\r\n\r\n\r\n\r\n<p>Als neuer WordPress-Benutzer sollten Sie Ihr <a href=\"https:\/\/elsta.com\/wp-admin\/\">Dashboard<\/a> aufrufen, um diese Seite zu l\u00f6schen und neue Seiten f\u00fcr Ihren Inhalt zu erstellen. Viel Spa\u00df!<\/p>\r\n","protected":false},"excerpt":{"rendered":"Dies ist eine Beispiel-Seite. Sie unterscheidet sich von Beitr\u00e4gen, da sie stets an derselben Stelle bleibt und (bei den meisten Themes) in der Website-Navigation angezeigt wird. Die meisten starten mit einem Impressum, der Datenschutzerkl\u00e4rung oder einer \u201e\u00dcber uns\u201c-Seite, um sich m\u00f6glichen Besucher der Website vorzustellen. Dort k\u00f6nnte zum Beispiel stehen: Hallo! Ich bin tags\u00fcber im [&hellip;]","protected":false},"author":1,"featured_media":2574,"parent":0,"menu_order":0,"comment_status":"closed","ping_status":"open","template":"","meta":{"_acf_changed":false,"footnotes":""},"class_list":["post-2","page","type-page","status-publish","has-post-thumbnail","hentry"],"acf":[],"yoast_head":"<!-- This site is optimized with the Yoast SEO plugin v25.8 - https:\/\/yoast.com\/wordpress\/plugins\/seo\/ -->\n<title>Elsta Mosdorfer - Beispiel-Seite<\/title>\n<meta name=\"robots\" content=\"index, follow, max-snippet:-1, max-image-preview:large, max-video-preview:-1\" \/>\n<link rel=\"canonical\" href=\"https:\/\/elsta.com\/de\/beispiel-seite\/\" \/>\n<meta property=\"og:locale\" content=\"de_DE\" \/>\n<meta property=\"og:type\" content=\"article\" \/>\n<meta property=\"og:title\" content=\"Elsta Mosdorfer - Beispiel-Seite\" \/>\n<meta property=\"og:description\" content=\"Dies ist eine Beispiel-Seite. Sie unterscheidet sich von Beitr\u00e4gen, da sie stets an derselben Stelle bleibt und (bei den meisten Themes) in der Website-Navigation angezeigt wird. Die meisten starten mit einem Impressum, der Datenschutzerkl\u00e4rung oder einer \u201e\u00dcber uns\u201c-Seite, um sich m\u00f6glichen Besucher der Website vorzustellen. Dort k\u00f6nnte zum Beispiel stehen: Hallo! Ich bin tags\u00fcber im [&hellip;]\" \/>\n<meta property=\"og:url\" content=\"https:\/\/elsta.com\/de\/beispiel-seite\/\" \/>\n<meta property=\"og:site_name\" content=\"Elsta Mosdorfer\" \/>\n<meta property=\"article:modified_time\" content=\"2019-09-06T05:47:11+00:00\" \/>\n<meta property=\"og:image\" content=\"https:\/\/elsta.com\/wp-content\/uploads\/2019\/08\/Team_Elsta.jpg\" \/>\n\t<meta property=\"og:image:width\" content=\"750\" \/>\n\t<meta property=\"og:image:height\" content=\"501\" \/>\n\t<meta property=\"og:image:type\" content=\"image\/jpeg\" \/>\n<meta name=\"twitter:card\" content=\"summary_large_image\" \/>\n<meta name=\"twitter:label1\" content=\"Gesch\u00e4tzte Lesezeit\" \/>\n\t<meta name=\"twitter:data1\" content=\"1\u00a0Minute\" \/>\n<script type=\"application\/ld+json\" class=\"yoast-schema-graph\">{\"@context\":\"https:\/\/schema.org\",\"@graph\":[{\"@type\":\"WebPage\",\"@id\":\"https:\/\/elsta.com\/de\/beispiel-seite\/\",\"url\":\"https:\/\/elsta.com\/de\/beispiel-seite\/\",\"name\":\"Elsta Mosdorfer - Beispiel-Seite\",\"isPartOf\":{\"@id\":\"https:\/\/elsta.com\/#website\"},\"primaryImageOfPage\":{\"@id\":\"https:\/\/elsta.com\/de\/beispiel-seite\/#primaryimage\"},\"image\":{\"@id\":\"https:\/\/elsta.com\/de\/beispiel-seite\/#primaryimage\"},\"thumbnailUrl\":\"https:\/\/elsta.com\/wp-content\/uploads\/2019\/08\/Team_Elsta.jpg\",\"datePublished\":\"2019-03-07T13:12:54+00:00\",\"dateModified\":\"2019-09-06T05:47:11+00:00\",\"breadcrumb\":{\"@id\":\"https:\/\/elsta.com\/de\/beispiel-seite\/#breadcrumb\"},\"inLanguage\":\"de\",\"potentialAction\":[{\"@type\":\"ReadAction\",\"target\":[\"https:\/\/elsta.com\/de\/beispiel-seite\/\"]}]},{\"@type\":\"ImageObject\",\"inLanguage\":\"de\",\"@id\":\"https:\/\/elsta.com\/de\/beispiel-seite\/#primaryimage\",\"url\":\"https:\/\/elsta.com\/wp-content\/uploads\/2019\/08\/Team_Elsta.jpg\",\"contentUrl\":\"https:\/\/elsta.com\/wp-content\/uploads\/2019\/08\/Team_Elsta.jpg\",\"width\":750,\"height\":501},{\"@type\":\"BreadcrumbList\",\"@id\":\"https:\/\/elsta.com\/de\/beispiel-seite\/#breadcrumb\",\"itemListElement\":[{\"@type\":\"ListItem\",\"position\":1,\"name\":\"Startseite\",\"item\":\"https:\/\/elsta.com\/de\/\"},{\"@type\":\"ListItem\",\"position\":2,\"name\":\"Beispiel-Seite\"}]},{\"@type\":\"WebSite\",\"@id\":\"https:\/\/elsta.com\/#website\",\"url\":\"https:\/\/elsta.com\/\",\"name\":\"Elsta Mosdorfer\",\"description\":\"ELSTA Mosdorfer ist Ihr verl\u00e4sslicher Partner f\u00fcr Schranksysteme aus Polyester in der Energieverteilung, Telekommunikation, Verkehrstechnik und Industrie.\",\"publisher\":{\"@id\":\"https:\/\/elsta.com\/#organization\"},\"potentialAction\":[{\"@type\":\"SearchAction\",\"target\":{\"@type\":\"EntryPoint\",\"urlTemplate\":\"https:\/\/elsta.com\/?s={search_term_string}\"},\"query-input\":{\"@type\":\"PropertyValueSpecification\",\"valueRequired\":true,\"valueName\":\"search_term_string\"}}],\"inLanguage\":\"de\"},{\"@type\":\"Organization\",\"@id\":\"https:\/\/elsta.com\/#organization\",\"name\":\"ELSTA Mosdorfer GmbH\",\"url\":\"https:\/\/elsta.com\/\",\"logo\":{\"@type\":\"ImageObject\",\"inLanguage\":\"de\",\"@id\":\"https:\/\/elsta.com\/#\/schema\/logo\/image\/\",\"url\":\"https:\/\/elsta.com\/wp-content\/uploads\/2019\/03\/logo.png\",\"contentUrl\":\"https:\/\/elsta.com\/wp-content\/uploads\/2019\/03\/logo.png\",\"width\":150,\"height\":144,\"caption\":\"ELSTA Mosdorfer GmbH\"},\"image\":{\"@id\":\"https:\/\/elsta.com\/#\/schema\/logo\/image\/\"},\"sameAs\":[\"https:\/\/www.linkedin.com\/company\/elsta-mosdorfer-gmbh\/\"]}]}<\/script>\n<!-- \/ Yoast SEO plugin. -->","yoast_head_json":{"title":"Elsta Mosdorfer - Beispiel-Seite","robots":{"index":"index","follow":"follow","max-snippet":"max-snippet:-1","max-image-preview":"max-image-preview:large","max-video-preview":"max-video-preview:-1"},"canonical":"https:\/\/elsta.com\/de\/beispiel-seite\/","og_locale":"de_DE","og_type":"article","og_title":"Elsta Mosdorfer - Beispiel-Seite","og_description":"Dies ist eine Beispiel-Seite. Sie unterscheidet sich von Beitr\u00e4gen, da sie stets an derselben Stelle bleibt und (bei den meisten Themes) in der Website-Navigation angezeigt wird. Die meisten starten mit einem Impressum, der Datenschutzerkl\u00e4rung oder einer \u201e\u00dcber uns\u201c-Seite, um sich m\u00f6glichen Besucher der Website vorzustellen. Dort k\u00f6nnte zum Beispiel stehen: Hallo! Ich bin tags\u00fcber im [&hellip;]","og_url":"https:\/\/elsta.com\/de\/beispiel-seite\/","og_site_name":"Elsta Mosdorfer","article_modified_time":"2019-09-06T05:47:11+00:00","og_image":[{"width":750,"height":501,"url":"https:\/\/elsta.com\/wp-content\/uploads\/2019\/08\/Team_Elsta.jpg","type":"image\/jpeg"}],"twitter_card":"summary_large_image","twitter_misc":{"Gesch\u00e4tzte Lesezeit":"1\u00a0Minute"},"schema":{"@context":"https:\/\/schema.org","@graph":[{"@type":"WebPage","@id":"https:\/\/elsta.com\/de\/beispiel-seite\/","url":"https:\/\/elsta.com\/de\/beispiel-seite\/","name":"Elsta Mosdorfer - Beispiel-Seite","isPartOf":{"@id":"https:\/\/elsta.com\/#website"},"primaryImageOfPage":{"@id":"https:\/\/elsta.com\/de\/beispiel-seite\/#primaryimage"},"image":{"@id":"https:\/\/elsta.com\/de\/beispiel-seite\/#primaryimage"},"thumbnailUrl":"https:\/\/elsta.com\/wp-content\/uploads\/2019\/08\/Team_Elsta.jpg","datePublished":"2019-03-07T13:12:54+00:00","dateModified":"2019-09-06T05:47:11+00:00","breadcrumb":{"@id":"https:\/\/elsta.com\/de\/beispiel-seite\/#breadcrumb"},"inLanguage":"de","potentialAction":[{"@type":"ReadAction","target":["https:\/\/elsta.com\/de\/beispiel-seite\/"]}]},{"@type":"ImageObject","inLanguage":"de","@id":"https:\/\/elsta.com\/de\/beispiel-seite\/#primaryimage","url":"https:\/\/elsta.com\/wp-content\/uploads\/2019\/08\/Team_Elsta.jpg","contentUrl":"https:\/\/elsta.com\/wp-content\/uploads\/2019\/08\/Team_Elsta.jpg","width":750,"height":501},{"@type":"BreadcrumbList","@id":"https:\/\/elsta.com\/de\/beispiel-seite\/#breadcrumb","itemListElement":[{"@type":"ListItem","position":1,"name":"Startseite","item":"https:\/\/elsta.com\/de\/"},{"@type":"ListItem","position":2,"name":"Beispiel-Seite"}]},{"@type":"WebSite","@id":"https:\/\/elsta.com\/#website","url":"https:\/\/elsta.com\/","name":"Elsta Mosdorfer","description":"ELSTA Mosdorfer ist Ihr verl\u00e4sslicher Partner f\u00fcr Schranksysteme aus Polyester in der Energieverteilung, Telekommunikation, Verkehrstechnik und Industrie.","publisher":{"@id":"https:\/\/elsta.com\/#organization"},"potentialAction":[{"@type":"SearchAction","target":{"@type":"EntryPoint","urlTemplate":"https:\/\/elsta.com\/?s={search_term_string}"},"query-input":{"@type":"PropertyValueSpecification","valueRequired":true,"valueName":"search_term_string"}}],"inLanguage":"de"},{"@type":"Organization","@id":"https:\/\/elsta.com\/#organization","name":"ELSTA Mosdorfer GmbH","url":"https:\/\/elsta.com\/","logo":{"@type":"ImageObject","inLanguage":"de","@id":"https:\/\/elsta.com\/#\/schema\/logo\/image\/","url":"https:\/\/elsta.com\/wp-content\/uploads\/2019\/03\/logo.png","contentUrl":"https:\/\/elsta.com\/wp-content\/uploads\/2019\/03\/logo.png","width":150,"height":144,"caption":"ELSTA Mosdorfer GmbH"},"image":{"@id":"https:\/\/elsta.com\/#\/schema\/logo\/image\/"},"sameAs":["https:\/\/www.linkedin.com\/company\/elsta-mosdorfer-gmbh\/"]}]}},"_links":{"self":[{"href":"https:\/\/elsta.com\/de\/wp-json\/wp\/v2\/pages\/2","targetHints":{"allow":["GET"]}}],"collection":[{"href":"https:\/\/elsta.com\/de\/wp-json\/wp\/v2\/pages"}],"about":[{"href":"https:\/\/elsta.com\/de\/wp-json\/wp\/v2\/types\/page"}],"author":[{"embeddable":true,"href":"https:\/\/elsta.com\/de\/wp-json\/wp\/v2\/users\/1"}],"replies":[{"embeddable":true,"href":"https:\/\/elsta.com\/de\/wp-json\/wp\/v2\/comments?post=2"}],"version-history":[{"count":105,"href":"https:\/\/elsta.com\/de\/wp-json\/wp\/v2\/pages\/2\/revisions"}],"predecessor-version":[{"id":3263,"href":"https:\/\/elsta.com\/de\/wp-json\/wp\/v2\/pages\/2\/revisions\/3263"}],"wp:featuredmedia":[{"embeddable":true,"href":"https:\/\/elsta.com\/de\/wp-json\/wp\/v2\/media\/2574"}],"wp:attachment":[{"href":"https:\/\/elsta.com\/de\/wp-json\/wp\/v2\/media?parent=2"}],"curies":[{"name":"wp","href":"https:\/\/api.w.org\/{rel}","templated":true}]}}