{"id":4164,"date":"2019-03-15T09:33:33","date_gmt":"2019-03-15T08:33:33","guid":{"rendered":"https:\/\/elsta.com\/elsta-mosdorfer\/"},"modified":"2026-04-08T09:22:42","modified_gmt":"2026-04-08T07:22:42","slug":"elsta-mosdorfer","status":"publish","type":"page","link":"https:\/\/elsta.com\/hr\/","title":{"rendered":"Elsta Mosdorfer"},"content":{"rendered":"","protected":false},"excerpt":{"rendered":"","protected":false},"author":1,"featured_media":0,"parent":0,"menu_order":0,"comment_status":"closed","ping_status":"closed","template":"","meta":{"_acf_changed":false,"footnotes":""},"class_list":["post-4164","page","type-page","status-publish","hentry"],"acf":[],"yoast_head":"<!-- This site is optimized with the Yoast SEO plugin v25.8 - https:\/\/yoast.com\/wordpress\/plugins\/seo\/ -->\n<title>Elsta Mosdorfer - Va\u0161 partner za sustave ormara<\/title>\n<meta name=\"description\" content=\"Elsta Mosdorfer je va\u0161 pouzdani partner za sustave poliesterskih ormara u distribuciji energije, telekomunikacijama, prometnom in\u017eenjerstvu i industriji.\" \/>\n<meta name=\"robots\" content=\"index, follow, max-snippet:-1, max-image-preview:large, max-video-preview:-1\" \/>\n<link rel=\"canonical\" href=\"https:\/\/elsta.com\/hr\/\" \/>\n<meta property=\"og:locale\" content=\"hr_HR\" \/>\n<meta property=\"og:type\" content=\"article\" \/>\n<meta property=\"og:title\" content=\"Elsta Mosdorfer - Va\u0161 partner za sustave ormara\" \/>\n<meta property=\"og:description\" content=\"Elsta Mosdorfer je va\u0161 pouzdani partner za sustave poliesterskih ormara u distribuciji energije, telekomunikacijama, prometnom in\u017eenjerstvu i industriji.\" \/>\n<meta property=\"og:url\" content=\"https:\/\/elsta.com\/hr\/\" \/>\n<meta property=\"og:site_name\" content=\"Elsta Mosdorfer\" \/>\n<meta property=\"article:modified_time\" content=\"2026-04-08T07:22:42+00:00\" \/>\n<meta name=\"twitter:card\" content=\"summary_large_image\" \/>\n<script type=\"application\/ld+json\" class=\"yoast-schema-graph\">{\"@context\":\"https:\/\/schema.org\",\"@graph\":[{\"@type\":\"WebPage\",\"@id\":\"https:\/\/elsta.com\/hr\/\",\"url\":\"https:\/\/elsta.com\/hr\/\",\"name\":\"Elsta Mosdorfer - Va\u0161 partner za sustave ormara\",\"isPartOf\":{\"@id\":\"https:\/\/elsta.com\/#website\"},\"datePublished\":\"2019-03-15T08:33:33+00:00\",\"dateModified\":\"2026-04-08T07:22:42+00:00\",\"description\":\"Elsta Mosdorfer je va\u0161 pouzdani partner za sustave poliesterskih ormara u distribuciji energije, telekomunikacijama, prometnom in\u017eenjerstvu i industriji.\",\"breadcrumb\":{\"@id\":\"https:\/\/elsta.com\/hr\/#breadcrumb\"},\"inLanguage\":\"hr\",\"potentialAction\":[{\"@type\":\"ReadAction\",\"target\":[\"https:\/\/elsta.com\/hr\/\"]}]},{\"@type\":\"BreadcrumbList\",\"@id\":\"https:\/\/elsta.com\/hr\/#breadcrumb\",\"itemListElement\":[{\"@type\":\"ListItem\",\"position\":1,\"name\":\"Startseite\",\"item\":\"https:\/\/elsta.com\/hr\/\"},{\"@type\":\"ListItem\",\"position\":2,\"name\":\"Elsta Mosdorfer\"}]},{\"@type\":\"WebSite\",\"@id\":\"https:\/\/elsta.com\/#website\",\"url\":\"https:\/\/elsta.com\/\",\"name\":\"Elsta Mosdorfer\",\"description\":\"ELSTA Mosdorfer ist Ihr verl\u00e4sslicher Partner f\u00fcr Schranksysteme aus Polyester in der Energieverteilung, Telekommunikation, Verkehrstechnik und Industrie.\",\"publisher\":{\"@id\":\"https:\/\/elsta.com\/#organization\"},\"potentialAction\":[{\"@type\":\"SearchAction\",\"target\":{\"@type\":\"EntryPoint\",\"urlTemplate\":\"https:\/\/elsta.com\/?s={search_term_string}\"},\"query-input\":{\"@type\":\"PropertyValueSpecification\",\"valueRequired\":true,\"valueName\":\"search_term_string\"}}],\"inLanguage\":\"hr\"},{\"@type\":\"Organization\",\"@id\":\"https:\/\/elsta.com\/#organization\",\"name\":\"ELSTA Mosdorfer GmbH\",\"url\":\"https:\/\/elsta.com\/\",\"logo\":{\"@type\":\"ImageObject\",\"inLanguage\":\"hr\",\"@id\":\"https:\/\/elsta.com\/#\/schema\/logo\/image\/\",\"url\":\"https:\/\/elsta.com\/wp-content\/uploads\/2019\/03\/logo.png\",\"contentUrl\":\"https:\/\/elsta.com\/wp-content\/uploads\/2019\/03\/logo.png\",\"width\":150,\"height\":144,\"caption\":\"ELSTA Mosdorfer GmbH\"},\"image\":{\"@id\":\"https:\/\/elsta.com\/#\/schema\/logo\/image\/\"},\"sameAs\":[\"https:\/\/www.linkedin.com\/company\/elsta-mosdorfer-gmbh\/\"]}]}<\/script>\n<!-- \/ Yoast SEO plugin. -->","yoast_head_json":{"title":"Elsta Mosdorfer - Va\u0161 partner za sustave ormara","description":"Elsta Mosdorfer je va\u0161 pouzdani partner za sustave poliesterskih ormara u distribuciji energije, telekomunikacijama, prometnom in\u017eenjerstvu i industriji.","robots":{"index":"index","follow":"follow","max-snippet":"max-snippet:-1","max-image-preview":"max-image-preview:large","max-video-preview":"max-video-preview:-1"},"canonical":"https:\/\/elsta.com\/hr\/","og_locale":"hr_HR","og_type":"article","og_title":"Elsta Mosdorfer - Va\u0161 partner za sustave ormara","og_description":"Elsta Mosdorfer je va\u0161 pouzdani partner za sustave poliesterskih ormara u distribuciji energije, telekomunikacijama, prometnom in\u017eenjerstvu i industriji.","og_url":"https:\/\/elsta.com\/hr\/","og_site_name":"Elsta Mosdorfer","article_modified_time":"2026-04-08T07:22:42+00:00","twitter_card":"summary_large_image","schema":{"@context":"https:\/\/schema.org","@graph":[{"@type":"WebPage","@id":"https:\/\/elsta.com\/hr\/","url":"https:\/\/elsta.com\/hr\/","name":"Elsta Mosdorfer - Va\u0161 partner za sustave ormara","isPartOf":{"@id":"https:\/\/elsta.com\/#website"},"datePublished":"2019-03-15T08:33:33+00:00","dateModified":"2026-04-08T07:22:42+00:00","description":"Elsta Mosdorfer je va\u0161 pouzdani partner za sustave poliesterskih ormara u distribuciji energije, telekomunikacijama, prometnom in\u017eenjerstvu i industriji.","breadcrumb":{"@id":"https:\/\/elsta.com\/hr\/#breadcrumb"},"inLanguage":"hr","potentialAction":[{"@type":"ReadAction","target":["https:\/\/elsta.com\/hr\/"]}]},{"@type":"BreadcrumbList","@id":"https:\/\/elsta.com\/hr\/#breadcrumb","itemListElement":[{"@type":"ListItem","position":1,"name":"Startseite","item":"https:\/\/elsta.com\/hr\/"},{"@type":"ListItem","position":2,"name":"Elsta Mosdorfer"}]},{"@type":"WebSite","@id":"https:\/\/elsta.com\/#website","url":"https:\/\/elsta.com\/","name":"Elsta Mosdorfer","description":"ELSTA Mosdorfer ist Ihr verl\u00e4sslicher Partner f\u00fcr Schranksysteme aus Polyester in der Energieverteilung, Telekommunikation, Verkehrstechnik und Industrie.","publisher":{"@id":"https:\/\/elsta.com\/#organization"},"potentialAction":[{"@type":"SearchAction","target":{"@type":"EntryPoint","urlTemplate":"https:\/\/elsta.com\/?s={search_term_string}"},"query-input":{"@type":"PropertyValueSpecification","valueRequired":true,"valueName":"search_term_string"}}],"inLanguage":"hr"},{"@type":"Organization","@id":"https:\/\/elsta.com\/#organization","name":"ELSTA Mosdorfer GmbH","url":"https:\/\/elsta.com\/","logo":{"@type":"ImageObject","inLanguage":"hr","@id":"https:\/\/elsta.com\/#\/schema\/logo\/image\/","url":"https:\/\/elsta.com\/wp-content\/uploads\/2019\/03\/logo.png","contentUrl":"https:\/\/elsta.com\/wp-content\/uploads\/2019\/03\/logo.png","width":150,"height":144,"caption":"ELSTA Mosdorfer GmbH"},"image":{"@id":"https:\/\/elsta.com\/#\/schema\/logo\/image\/"},"sameAs":["https:\/\/www.linkedin.com\/company\/elsta-mosdorfer-gmbh\/"]}]}},"_links":{"self":[{"href":"https:\/\/elsta.com\/hr\/wp-json\/wp\/v2\/pages\/4164","targetHints":{"allow":["GET"]}}],"collection":[{"href":"https:\/\/elsta.com\/hr\/wp-json\/wp\/v2\/pages"}],"about":[{"href":"https:\/\/elsta.com\/hr\/wp-json\/wp\/v2\/types\/page"}],"author":[{"embeddable":true,"href":"https:\/\/elsta.com\/hr\/wp-json\/wp\/v2\/users\/1"}],"replies":[{"embeddable":true,"href":"https:\/\/elsta.com\/hr\/wp-json\/wp\/v2\/comments?post=4164"}],"version-history":[{"count":28,"href":"https:\/\/elsta.com\/hr\/wp-json\/wp\/v2\/pages\/4164\/revisions"}],"predecessor-version":[{"id":10734,"href":"https:\/\/elsta.com\/hr\/wp-json\/wp\/v2\/pages\/4164\/revisions\/10734"}],"wp:attachment":[{"href":"https:\/\/elsta.com\/hr\/wp-json\/wp\/v2\/media?parent=4164"}],"curies":[{"name":"wp","href":"https:\/\/api.w.org\/{rel}","templated":true}]}}