{"id":9661,"date":"2024-10-16T15:36:26","date_gmt":"2024-10-16T13:36:26","guid":{"rendered":"https:\/\/elsta.com\/newsletter-anmeldung\/"},"modified":"2025-01-27T11:27:03","modified_gmt":"2025-01-27T10:27:03","slug":"newsletter-registracija","status":"publish","type":"page","link":"https:\/\/elsta.com\/hr\/newsletter-registracija\/","title":{"rendered":"Newsletter"},"content":{"rendered":"<h2>Pretplatite se na newsletter sada<\/h2>\n<p>Primajte vijesti o proizvodima i novostima prakti\u010dno u svoju pristiglu po\u0161tu! Va\u0161a e-mail adresa ne\u0107e biti proslije\u0111ena i koristit \u0107e se samo u ove svrhe. Pretplatu mo\u017eete otkazati u bilo kojem trenutku.<\/p>\n<p><style id='mailster-form-default' type='text\/css'>.mailster-embeded-form body{background:0;padding:0;margin:0}.mailster-embeded-form .mailster-form-body{padding:5px !important;margin:auto !important}.mailster-form-wrap{max-width:100%;max-height:95%;min-width:100px;-webkit-overflow-scrolling:touch}.mailster-form{margin-bottom:20px;position:relative}.mailster-form:before{content:'';position:absolute;display:block;height:100%;width:100%;z-index:1;background-repeat:no-repeat;background-position:center center;background-size:20px 20px;background-image:url('https:\/\/elsta.com\/wp-content\/plugins\/mailster\/assets\/css\/..\/img\/loading.gif');visibility:hidden;opacity:0;transition:opacity .15s ease-in-out}.mailster-form.loading:before{opacity:1;visibility:visible}@media only screen and (-webkit-min-device-pixel-ratio:2),only screen and (min-resolution:192dpi){.mailster-form:before{background-image:url('https:\/\/elsta.com\/wp-content\/plugins\/mailster\/assets\/css\/..\/img\/loading_2x.gif')}}.mailster-form:after,.mailster-form-fields:after{content:'.';visibility:hidden;display:block;height:0;clear:both}.mailster-form .mailster-form-fields{transition:all .15s ease-in-out}.mailster-form.completed .mailster-form-fields{height:0;min-height:0;opacity:0;overflow:hidden}.mailster-form,.mailster-form .input,.mailster-form .mailster-form-info{width:100%;box-sizing:border-box}.mailster-embeded-form .mailster-form{margin-bottom:3px}.mailster-form .mailster-wrapper{position:relative;margin-bottom:2px;transition:opacity .15s ease-in-out}.mailster-form.loading .mailster-wrapper{opacity:.2}.mailster-form textarea.input{resize:vertical;height:150px}.mailster-form li{list-style:none !important;margin-left:0;padding-left:0}span.mailster-required{font-size:120%;font-weight:700;color:#bf4d4d}.mailster-lists-wrapper ul{list-style:none;margin-left:0;padding-left:0}.mailster-lists-wrapper ul li{margin-left:0}.mailster-list-description{color:inherit;display:block;margin-left:25px;font-size:.8em}.mailster-form-info{height:0;border-radius:2px;padding:5px;margin-bottom:4px;color:#fff;padding:9px 16px;transition:all .2s;-webkit-transform:scale(0);-moz-transform:scale(0);-ms-transform:scale(0);transform:scale(0)}.mailster-form.loading .mailster-form-info{opacity:0}.mailster-form-info a{color:#fff}.mailster-form-info.success,.mailster-form-info.error{display:block;height:100%;-webkit-transform:scale(1);-moz-transform:scale(1);-ms-transform:scale(1);transform:scale(1)}.mailster-form .error input,.mailster-form .error select,.mailster-form .error textarea{outline:2px solid #bf4d4d;outline-offset:0}.mailster-form-info.error{background:#bf4d4d}.mailster-form-info.success{background-color:#6fbf4d;text-align:center}.mailster-form-info ul,.mailster-form .mailster-form-info p{margin:0;padding:0;max-width:initial}.mailster-form-info ul li{color:inherit;margin-left:0}.mailster-submit-wrapper{margin-top:6px}.mailster-form .submit-button{cursor:pointer}.mailster-form .submit-button:focus{outline:0}<\/style><form action=\"https:\/\/elsta.com\/hr\/mailster\/subscribe\/\" method=\"post\" class=\"mailster-form mailster-form-submit mailster-ajax-form mailster-form-3\" novalidate><input name=\"_action\" type=\"hidden\" value=\"subscribe\">\n<input name=\"_timestamp\" type=\"hidden\" value=\"1775483768\">\n<input name=\"_referer\" type=\"hidden\" value=\"https:\/\/elsta.com\/hr\/wp-json\/wp\/v2\/pages\/9661\">\n<input name=\"_nonce\" type=\"hidden\" value=\"cc1887cfef\">\n<input name=\"formid\" type=\"hidden\" value=\"3\">\n<div class=\"mailster-form-fields\">\n<div class=\"mailster-wrapper mailster-firstname-wrapper\"><label for=\"mailster-firstname-3\">Ime <span class=\"mailster-required\">*<\/span><\/label><input id=\"mailster-firstname-3\" name=\"firstname\" type=\"text\" value=\"\" class=\"input mailster-firstname mailster-required\" aria-required=\"true\" aria-label=\"Ime\"><\/div>\n<div class=\"mailster-wrapper mailster-lastname-wrapper\"><label for=\"mailster-lastname-3\">Prezime <span class=\"mailster-required\">*<\/span><\/label><input id=\"mailster-lastname-3\" name=\"lastname\" type=\"text\" value=\"\" class=\"input mailster-lastname mailster-required\" aria-required=\"true\" aria-label=\"Prezime\"><\/div>\n<div class=\"mailster-wrapper mailster-email-wrapper\"><label for=\"mailster-email-3\">E-mail adresa <span class=\"mailster-required\">*<\/span><\/label><input id=\"mailster-email-3\" name=\"email\" type=\"email\" value=\"\" class=\"input mailster-email mailster-required\" aria-required=\"true\" aria-label=\"E-mail adresa\" spellcheck=\"false\"><\/div>\n<div style=\"position:absolute;top:-99999px;left:-99999px;z-index:-99;\"><input name=\"_n_hp_mail\" type=\"email\" tabindex=\"-1\" autocomplete=\"noton\" autofill=\"off\"><\/div>\n<div class=\"mailster-wrapper mailster-submit-wrapper form-submit\"><input name=\"submit\" type=\"submit\" value=\"Pretplati se\" class=\"submit-button button\" aria-label=\"Pretplati se\"><\/div>\n<\/div>\n<\/form>\n<\/p>\n\n\n\n<p>&nbsp;<\/p>\n","protected":false},"excerpt":{"rendered":"&nbsp;","protected":false},"author":9,"featured_media":0,"parent":0,"menu_order":0,"comment_status":"closed","ping_status":"closed","template":"template-newsletter.php","meta":{"_acf_changed":false,"footnotes":""},"class_list":["post-9661","page","type-page","status-publish","hentry"],"acf":[],"yoast_head":"<!-- This site is optimized with the Yoast SEO plugin v25.8 - https:\/\/yoast.com\/wordpress\/plugins\/seo\/ -->\n<title>Elsta Mosdorfer - Newsletter<\/title>\n<meta name=\"robots\" content=\"index, follow, max-snippet:-1, max-image-preview:large, max-video-preview:-1\" \/>\n<link rel=\"canonical\" href=\"https:\/\/elsta.com\/hr\/newsletter-registracija\/\" \/>\n<meta property=\"og:locale\" content=\"hr_HR\" \/>\n<meta property=\"og:type\" content=\"article\" \/>\n<meta property=\"og:title\" content=\"Elsta Mosdorfer - Newsletter\" \/>\n<meta property=\"og:description\" content=\"&nbsp;\" \/>\n<meta property=\"og:url\" content=\"https:\/\/elsta.com\/hr\/newsletter-registracija\/\" \/>\n<meta property=\"og:site_name\" content=\"Elsta Mosdorfer\" \/>\n<meta property=\"article:modified_time\" content=\"2025-01-27T10:27:03+00:00\" \/>\n<meta name=\"twitter:card\" content=\"summary_large_image\" \/>\n<script type=\"application\/ld+json\" class=\"yoast-schema-graph\">{\"@context\":\"https:\/\/schema.org\",\"@graph\":[{\"@type\":\"WebPage\",\"@id\":\"https:\/\/elsta.com\/hr\/newsletter-registracija\/\",\"url\":\"https:\/\/elsta.com\/hr\/newsletter-registracija\/\",\"name\":\"Elsta Mosdorfer - Newsletter\",\"isPartOf\":{\"@id\":\"https:\/\/elsta.com\/#website\"},\"datePublished\":\"2024-10-16T13:36:26+00:00\",\"dateModified\":\"2025-01-27T10:27:03+00:00\",\"breadcrumb\":{\"@id\":\"https:\/\/elsta.com\/hr\/newsletter-registracija\/#breadcrumb\"},\"inLanguage\":\"hr\",\"potentialAction\":[{\"@type\":\"ReadAction\",\"target\":[\"https:\/\/elsta.com\/hr\/newsletter-registracija\/\"]}]},{\"@type\":\"BreadcrumbList\",\"@id\":\"https:\/\/elsta.com\/hr\/newsletter-registracija\/#breadcrumb\",\"itemListElement\":[{\"@type\":\"ListItem\",\"position\":1,\"name\":\"Startseite\",\"item\":\"https:\/\/elsta.com\/hr\/\"},{\"@type\":\"ListItem\",\"position\":2,\"name\":\"Newsletter\"}]},{\"@type\":\"WebSite\",\"@id\":\"https:\/\/elsta.com\/#website\",\"url\":\"https:\/\/elsta.com\/\",\"name\":\"Elsta Mosdorfer\",\"description\":\"ELSTA Mosdorfer ist Ihr verl\u00e4sslicher Partner f\u00fcr Schranksysteme aus Polyester in der Energieverteilung, Telekommunikation, Verkehrstechnik und Industrie.\",\"publisher\":{\"@id\":\"https:\/\/elsta.com\/#organization\"},\"potentialAction\":[{\"@type\":\"SearchAction\",\"target\":{\"@type\":\"EntryPoint\",\"urlTemplate\":\"https:\/\/elsta.com\/?s={search_term_string}\"},\"query-input\":{\"@type\":\"PropertyValueSpecification\",\"valueRequired\":true,\"valueName\":\"search_term_string\"}}],\"inLanguage\":\"hr\"},{\"@type\":\"Organization\",\"@id\":\"https:\/\/elsta.com\/#organization\",\"name\":\"ELSTA Mosdorfer GmbH\",\"url\":\"https:\/\/elsta.com\/\",\"logo\":{\"@type\":\"ImageObject\",\"inLanguage\":\"hr\",\"@id\":\"https:\/\/elsta.com\/#\/schema\/logo\/image\/\",\"url\":\"https:\/\/elsta.com\/wp-content\/uploads\/2019\/03\/logo.png\",\"contentUrl\":\"https:\/\/elsta.com\/wp-content\/uploads\/2019\/03\/logo.png\",\"width\":150,\"height\":144,\"caption\":\"ELSTA Mosdorfer GmbH\"},\"image\":{\"@id\":\"https:\/\/elsta.com\/#\/schema\/logo\/image\/\"},\"sameAs\":[\"https:\/\/www.linkedin.com\/company\/elsta-mosdorfer-gmbh\/\"]}]}<\/script>\n<!-- \/ Yoast SEO plugin. -->","yoast_head_json":{"title":"Elsta Mosdorfer - Newsletter","robots":{"index":"index","follow":"follow","max-snippet":"max-snippet:-1","max-image-preview":"max-image-preview:large","max-video-preview":"max-video-preview:-1"},"canonical":"https:\/\/elsta.com\/hr\/newsletter-registracija\/","og_locale":"hr_HR","og_type":"article","og_title":"Elsta Mosdorfer - Newsletter","og_description":"&nbsp;","og_url":"https:\/\/elsta.com\/hr\/newsletter-registracija\/","og_site_name":"Elsta Mosdorfer","article_modified_time":"2025-01-27T10:27:03+00:00","twitter_card":"summary_large_image","schema":{"@context":"https:\/\/schema.org","@graph":[{"@type":"WebPage","@id":"https:\/\/elsta.com\/hr\/newsletter-registracija\/","url":"https:\/\/elsta.com\/hr\/newsletter-registracija\/","name":"Elsta Mosdorfer - Newsletter","isPartOf":{"@id":"https:\/\/elsta.com\/#website"},"datePublished":"2024-10-16T13:36:26+00:00","dateModified":"2025-01-27T10:27:03+00:00","breadcrumb":{"@id":"https:\/\/elsta.com\/hr\/newsletter-registracija\/#breadcrumb"},"inLanguage":"hr","potentialAction":[{"@type":"ReadAction","target":["https:\/\/elsta.com\/hr\/newsletter-registracija\/"]}]},{"@type":"BreadcrumbList","@id":"https:\/\/elsta.com\/hr\/newsletter-registracija\/#breadcrumb","itemListElement":[{"@type":"ListItem","position":1,"name":"Startseite","item":"https:\/\/elsta.com\/hr\/"},{"@type":"ListItem","position":2,"name":"Newsletter"}]},{"@type":"WebSite","@id":"https:\/\/elsta.com\/#website","url":"https:\/\/elsta.com\/","name":"Elsta Mosdorfer","description":"ELSTA Mosdorfer ist Ihr verl\u00e4sslicher Partner f\u00fcr Schranksysteme aus Polyester in der Energieverteilung, Telekommunikation, Verkehrstechnik und Industrie.","publisher":{"@id":"https:\/\/elsta.com\/#organization"},"potentialAction":[{"@type":"SearchAction","target":{"@type":"EntryPoint","urlTemplate":"https:\/\/elsta.com\/?s={search_term_string}"},"query-input":{"@type":"PropertyValueSpecification","valueRequired":true,"valueName":"search_term_string"}}],"inLanguage":"hr"},{"@type":"Organization","@id":"https:\/\/elsta.com\/#organization","name":"ELSTA Mosdorfer GmbH","url":"https:\/\/elsta.com\/","logo":{"@type":"ImageObject","inLanguage":"hr","@id":"https:\/\/elsta.com\/#\/schema\/logo\/image\/","url":"https:\/\/elsta.com\/wp-content\/uploads\/2019\/03\/logo.png","contentUrl":"https:\/\/elsta.com\/wp-content\/uploads\/2019\/03\/logo.png","width":150,"height":144,"caption":"ELSTA Mosdorfer GmbH"},"image":{"@id":"https:\/\/elsta.com\/#\/schema\/logo\/image\/"},"sameAs":["https:\/\/www.linkedin.com\/company\/elsta-mosdorfer-gmbh\/"]}]}},"_links":{"self":[{"href":"https:\/\/elsta.com\/hr\/wp-json\/wp\/v2\/pages\/9661","targetHints":{"allow":["GET"]}}],"collection":[{"href":"https:\/\/elsta.com\/hr\/wp-json\/wp\/v2\/pages"}],"about":[{"href":"https:\/\/elsta.com\/hr\/wp-json\/wp\/v2\/types\/page"}],"author":[{"embeddable":true,"href":"https:\/\/elsta.com\/hr\/wp-json\/wp\/v2\/users\/9"}],"replies":[{"embeddable":true,"href":"https:\/\/elsta.com\/hr\/wp-json\/wp\/v2\/comments?post=9661"}],"version-history":[{"count":7,"href":"https:\/\/elsta.com\/hr\/wp-json\/wp\/v2\/pages\/9661\/revisions"}],"predecessor-version":[{"id":9717,"href":"https:\/\/elsta.com\/hr\/wp-json\/wp\/v2\/pages\/9661\/revisions\/9717"}],"wp:attachment":[{"href":"https:\/\/elsta.com\/hr\/wp-json\/wp\/v2\/media?parent=9661"}],"curies":[{"name":"wp","href":"https:\/\/api.w.org\/{rel}","templated":true}]}}